{"id":585,"date":"2026-04-10T13:12:29","date_gmt":"2026-04-10T11:12:29","guid":{"rendered":"https:\/\/graveo.cz\/?post_type=product&#038;p=585"},"modified":"2026-04-10T16:59:54","modified_gmt":"2026-04-10T14:59:54","slug":"naramek-pu-kuze-cerny-s-nerezovymi-sponami","status":"publish","type":"product","link":"https:\/\/test.vodepe.eu\/?product=naramek-pu-kuze-cerny-s-nerezovymi-sponami","title":{"rendered":"N\u00e1ramek \u2013 PU k\u016f\u017ee \u2013 \u010dern\u00fd s nerezov\u00fdmi sponami"},"content":{"rendered":"<p>Unisex n\u00e1ramek z PU k\u016f\u017ee \u2013 \u010dern\u00e9 proveden\u00ed, \u0161\u00ed\u0159ka 10mm, s\u00edla k\u016f\u017ee 3 mm, staviteln\u00e1 d\u00e9lka n\u00e1ramku a\u017e do 21 cm. Grav\u00edrov\u00e1n\u00ed se prov\u00e1d\u00ed na nerezov\u00e9 spony, voliteln\u011b od jednoho do \u010dty\u0159 kus\u016f, maxim\u00e1ln\u011b 2 \u0159\u00e1dky<\/p>\n","protected":false},"excerpt":{"rendered":"<p>Unisex n\u00e1ramek z prav\u00e9 k\u016f\u017ee \u2013 \u010dern\u00e9 proveden\u00ed, \u0161\u00ed\u0159ka 11mm, s\u00edla k\u016f\u017ee 2,8 mm, staviteln\u00e1 d\u00e9lka n\u00e1ramku a\u017e do 21 cm. Grav\u00edrov\u00e1n\u00ed se prov\u00e1d\u00ed na nerezov\u00e9 spony, voliteln\u011b od jednoho do \u010dty\u0159 kus\u016f, maxim\u00e1ln\u011b 2 \u0159\u00e1dky<\/p>\n","protected":false},"featured_media":586,"comment_status":"open","ping_status":"closed","template":"","meta":{"site-sidebar-layout":"default","site-content-layout":"","ast-site-content-layout":"default","site-content-style":"default","site-sidebar-style":"default","ast-global-header-display":"","ast-banner-title-visibility":"","ast-main-header-display":"","ast-hfb-above-header-display":"","ast-hfb-below-header-display":"","ast-hfb-mobile-header-display":"","site-post-title":"","ast-breadcrumbs-content":"","ast-featured-img":"","footer-sml-layout":"","ast-disable-related-posts":"","theme-transparent-header-meta":"default","adv-header-id-meta":"","stick-header-meta":"","header-above-stick-meta":"","header-main-stick-meta":"","header-below-stick-meta":"","astra-migrate-meta-layouts":"set","ast-page-background-enabled":"default","ast-page-background-meta":{"desktop":{"background-color":"var(--ast-global-color-5)","background-image":"","background-repeat":"repeat","background-position":"center center","background-size":"auto","background-attachment":"scroll","background-type":"","background-media":"","overlay-type":"","overlay-color":"","overlay-opacity":"","overlay-gradient":""},"tablet":{"background-color":"","background-image":"","background-repeat":"repeat","background-position":"center center","background-size":"auto","background-attachment":"scroll","background-type":"","background-media":"","overlay-type":"","overlay-color":"","overlay-opacity":"","overlay-gradient":""},"mobile":{"background-color":"","background-image":"","background-repeat":"repeat","background-position":"center center","background-size":"auto","background-attachment":"scroll","background-type":"","background-media":"","overlay-type":"","overlay-color":"","overlay-opacity":"","overlay-gradient":""}},"ast-content-background-meta":{"desktop":{"background-color":"var(--ast-global-color-4)","background-image":"","background-repeat":"repeat","background-position":"center center","background-size":"auto","background-attachment":"scroll","background-type":"","background-media":"","overlay-type":"","overlay-color":"","overlay-opacity":"","overlay-gradient":""},"tablet":{"background-color":"var(--ast-global-color-4)","background-image":"","background-repeat":"repeat","background-position":"center center","background-size":"auto","background-attachment":"scroll","background-type":"","background-media":"","overlay-type":"","overlay-color":"","overlay-opacity":"","overlay-gradient":""},"mobile":{"background-color":"var(--ast-global-color-4)","background-image":"","background-repeat":"repeat","background-position":"center center","background-size":"auto","background-attachment":"scroll","background-type":"","background-media":"","overlay-type":"","overlay-color":"","overlay-opacity":"","overlay-gradient":""}}},"product_brand":[],"product_cat":[29,18,56],"product_tag":[],"class_list":{"0":"post-585","1":"product","2":"type-product","3":"status-publish","4":"has-post-thumbnail","6":"product_cat-naramky-a-privesky","7":"product_cat-nezarazene","8":"product_cat-osobni-darky","9":"desktop-align-left","10":"tablet-align-left","11":"mobile-align-left","13":"first","14":"instock","15":"shipping-taxable","16":"purchasable","17":"product-type-simple"},"_links":{"self":[{"href":"https:\/\/test.vodepe.eu\/index.php?rest_route=\/wp\/v2\/product\/585","targetHints":{"allow":["GET"]}}],"collection":[{"href":"https:\/\/test.vodepe.eu\/index.php?rest_route=\/wp\/v2\/product"}],"about":[{"href":"https:\/\/test.vodepe.eu\/index.php?rest_route=\/wp\/v2\/types\/product"}],"replies":[{"embeddable":true,"href":"https:\/\/test.vodepe.eu\/index.php?rest_route=%2Fwp%2Fv2%2Fcomments&post=585"}],"wp:featuredmedia":[{"embeddable":true,"href":"https:\/\/test.vodepe.eu\/index.php?rest_route=\/wp\/v2\/media\/586"}],"wp:attachment":[{"href":"https:\/\/test.vodepe.eu\/index.php?rest_route=%2Fwp%2Fv2%2Fmedia&parent=585"}],"wp:term":[{"taxonomy":"product_brand","embeddable":true,"href":"https:\/\/test.vodepe.eu\/index.php?rest_route=%2Fwp%2Fv2%2Fproduct_brand&post=585"},{"taxonomy":"product_cat","embeddable":true,"href":"https:\/\/test.vodepe.eu\/index.php?rest_route=%2Fwp%2Fv2%2Fproduct_cat&post=585"},{"taxonomy":"product_tag","embeddable":true,"href":"https:\/\/test.vodepe.eu\/index.php?rest_route=%2Fwp%2Fv2%2Fproduct_tag&post=585"}],"curies":[{"name":"wp","href":"https:\/\/api.w.org\/{rel}","templated":true}]}}