{"id":579,"date":"2026-04-10T12:36:44","date_gmt":"2026-04-10T10:36:44","guid":{"rendered":"https:\/\/graveo.cz\/?post_type=product&#038;p=579"},"modified":"2026-04-10T17:16:19","modified_gmt":"2026-04-10T15:16:19","slug":"naramek-prirodni-surova-kuze","status":"publish","type":"product","link":"https:\/\/test.vodepe.eu\/?product=naramek-prirodni-surova-kuze","title":{"rendered":"Ru\u010dn\u011b vyr\u00e1b\u011bn\u00fd n\u00e1ramek \u2013 p\u0159\u00edrodn\u00ed &#8222;surov\u00e1&#8220; k\u016f\u017ee"},"content":{"rendered":"<p>N\u00e1mi ru\u010dn\u011b vyr\u00e1b\u011bn\u00fd n\u00e1ramek ze siln\u00e9 surov\u00e9 k\u016f\u017ee \u2013 p\u0159\u00edrodn\u00ed proveden\u00ed, \u0161\u00ed\u0159ka 13mm, s\u00edla k\u016f\u017ee 4 mm, staviteln\u00e1 d\u00e9lka n\u00e1ramku a\u017e do 23 cm. Grav\u00edrov\u00e1n\u00ed se prov\u00e1d\u00ed na nerezovou sponu. P\u0159i no\u0161en\u00ed\u00a0<span style=\"font-size: 16px;font-style: normal;font-weight: 400\">\u00a0<\/span><span style=\"font-size: 16px;font-style: normal;font-weight: 400\">dost\u00e1v\u00e1 <\/span><span style=\"font-size: 16px\">k\u016f\u017ee nezam\u011bnitelnou patinu, kter\u00e1\u00a0 v tomto p\u0159\u00edpad\u011b zv\u00fdraz\u0148uje naturalitu tohoto produktu. V p\u0159\u00edpad\u011b pot\u0159eby jsme p\u0159ipraveni vyrobit n\u00e1ramek i nestandartn\u00edch velikost\u00ed.<\/span><\/p>\n","protected":false},"excerpt":{"rendered":"<p>N\u00e1mi ru\u010dn\u011b vyr\u00e1b\u011bn\u00fd n\u00e1ramek ze siln\u00e9 surov\u00e9 k\u016f\u017ee \u2013 p\u0159\u00edrodn\u00ed proveden\u00ed, \u0161\u00ed\u0159ka 13mm, s\u00edla k\u016f\u017ee 4 mm, staviteln\u00e1 d\u00e9lka n\u00e1ramku a\u017e do 23 cm. Grav\u00edrov\u00e1n\u00ed se prov\u00e1d\u00ed na nerezovou sponu. P\u0159i no\u0161en\u00ed\u00a0<span style=\"font-size: 16px;font-style: normal;font-weight: 400\">\u00a0<\/span><span style=\"font-size: 16px;font-style: normal;font-weight: 400\">dost\u00e1v\u00e1 <\/span><span style=\"font-size: 16px\">k\u016f\u017ee nezam\u011bnitelnou patinu, kter\u00e1\u00a0 v tomto p\u0159\u00edpad\u011b zv\u00fdraz\u0148uje naturalitu tohoto produktu. V p\u0159\u00edpad\u011b pot\u0159eby jsme p\u0159ipraveni vyrobit n\u00e1ramek i nestandartn\u00edch velikost\u00ed.<\/span><\/p>\n","protected":false},"featured_media":590,"comment_status":"open","ping_status":"closed","template":"","meta":{"site-sidebar-layout":"default","site-content-layout":"","ast-site-content-layout":"default","site-content-style":"default","site-sidebar-style":"default","ast-global-header-display":"","ast-banner-title-visibility":"","ast-main-header-display":"","ast-hfb-above-header-display":"","ast-hfb-below-header-display":"","ast-hfb-mobile-header-display":"","site-post-title":"","ast-breadcrumbs-content":"","ast-featured-img":"","footer-sml-layout":"","ast-disable-related-posts":"","theme-transparent-header-meta":"default","adv-header-id-meta":"","stick-header-meta":"","header-above-stick-meta":"","header-main-stick-meta":"","header-below-stick-meta":"","astra-migrate-meta-layouts":"set","ast-page-background-enabled":"default","ast-page-background-meta":{"desktop":{"background-color":"var(--ast-global-color-5)","background-image":"","background-repeat":"repeat","background-position":"center center","background-size":"auto","background-attachment":"scroll","background-type":"","background-media":"","overlay-type":"","overlay-color":"","overlay-opacity":"","overlay-gradient":""},"tablet":{"background-color":"","background-image":"","background-repeat":"repeat","background-position":"center center","background-size":"auto","background-attachment":"scroll","background-type":"","background-media":"","overlay-type":"","overlay-color":"","overlay-opacity":"","overlay-gradient":""},"mobile":{"background-color":"","background-image":"","background-repeat":"repeat","background-position":"center center","background-size":"auto","background-attachment":"scroll","background-type":"","background-media":"","overlay-type":"","overlay-color":"","overlay-opacity":"","overlay-gradient":""}},"ast-content-background-meta":{"desktop":{"background-color":"var(--ast-global-color-4)","background-image":"","background-repeat":"repeat","background-position":"center center","background-size":"auto","background-attachment":"scroll","background-type":"","background-media":"","overlay-type":"","overlay-color":"","overlay-opacity":"","overlay-gradient":""},"tablet":{"background-color":"var(--ast-global-color-4)","background-image":"","background-repeat":"repeat","background-position":"center center","background-size":"auto","background-attachment":"scroll","background-type":"","background-media":"","overlay-type":"","overlay-color":"","overlay-opacity":"","overlay-gradient":""},"mobile":{"background-color":"var(--ast-global-color-4)","background-image":"","background-repeat":"repeat","background-position":"center center","background-size":"auto","background-attachment":"scroll","background-type":"","background-media":"","overlay-type":"","overlay-color":"","overlay-opacity":"","overlay-gradient":""}}},"product_brand":[],"product_cat":[29,18,56],"product_tag":[],"class_list":{"0":"post-579","1":"product","2":"type-product","3":"status-publish","4":"has-post-thumbnail","6":"product_cat-naramky-a-privesky","7":"product_cat-nezarazene","8":"product_cat-osobni-darky","9":"desktop-align-left","10":"tablet-align-left","11":"mobile-align-left","13":"first","14":"instock","15":"shipping-taxable","16":"purchasable","17":"product-type-simple"},"_links":{"self":[{"href":"https:\/\/test.vodepe.eu\/index.php?rest_route=\/wp\/v2\/product\/579","targetHints":{"allow":["GET"]}}],"collection":[{"href":"https:\/\/test.vodepe.eu\/index.php?rest_route=\/wp\/v2\/product"}],"about":[{"href":"https:\/\/test.vodepe.eu\/index.php?rest_route=\/wp\/v2\/types\/product"}],"replies":[{"embeddable":true,"href":"https:\/\/test.vodepe.eu\/index.php?rest_route=%2Fwp%2Fv2%2Fcomments&post=579"}],"wp:featuredmedia":[{"embeddable":true,"href":"https:\/\/test.vodepe.eu\/index.php?rest_route=\/wp\/v2\/media\/590"}],"wp:attachment":[{"href":"https:\/\/test.vodepe.eu\/index.php?rest_route=%2Fwp%2Fv2%2Fmedia&parent=579"}],"wp:term":[{"taxonomy":"product_brand","embeddable":true,"href":"https:\/\/test.vodepe.eu\/index.php?rest_route=%2Fwp%2Fv2%2Fproduct_brand&post=579"},{"taxonomy":"product_cat","embeddable":true,"href":"https:\/\/test.vodepe.eu\/index.php?rest_route=%2Fwp%2Fv2%2Fproduct_cat&post=579"},{"taxonomy":"product_tag","embeddable":true,"href":"https:\/\/test.vodepe.eu\/index.php?rest_route=%2Fwp%2Fv2%2Fproduct_tag&post=579"}],"curies":[{"name":"wp","href":"https:\/\/api.w.org\/{rel}","templated":true}]}}