{"id":296,"date":"2026-02-08T05:05:15","date_gmt":"2026-02-08T04:05:15","guid":{"rendered":"https:\/\/graveo.cz\/?post_type=product&#038;p=296"},"modified":"2026-02-08T05:05:37","modified_gmt":"2026-02-08T04:05:37","slug":"tvarove-vyrezy","status":"publish","type":"product","link":"https:\/\/test.vodepe.eu\/?product=tvarove-vyrezy","title":{"rendered":"Tvarov\u00e9 v\u00fd\u0159ezy"},"content":{"rendered":"<p>Nab\u00edz\u00edme v\u00fdrobu tvarov\u00fdch v\u00fd\u0159ez\u016f ze \u0161irok\u00e9 \u0161k\u00e1ly materi\u00e1l\u016f. Nejb\u011b\u017en\u011bj\u0161\u00edmi materi\u00e1ly jsou p\u0159ekli\u017eky a plasty v \u0161irok\u00e9 \u0161k\u00e1le barev, plasty s &#8222;napa\u0159en\u00fdmi&#8220; povrchy jako je zrcadlo,\u00a0 imitace brou\u0161en\u00fdch plech\u016f (mosaz, hlin\u00edk, bronz). Dok\u00e1\u017eeme zpracov\u00e1vat dal\u0161\u00ed materi\u00e1ly, jak\u00fdmi jsou kartony, guma, k\u016f\u017ee, textiln\u00ed l\u00e1tky a jin\u00e9.<\/p>\n<p>Cena se odv\u00edj\u00ed od ceny pou\u017eit\u00e9ho materi\u00e1lu, doby pr\u00e1ce laseru a pracnosti (nap\u0159. separov\u00e1n\u00ed mal\u00fdch d\u00edlk\u016f apod.)<\/p>\n<p>Ceny se v\u017edy kalkuluj\u00ed podle konkr\u00e9tn\u00edho zad\u00e1n\u00ed<\/p>\n","protected":false},"excerpt":{"rendered":"<p>Nab\u00edz\u00edme v\u00fdrobu tvarov\u00fdch v\u00fd\u0159ez\u016f ze \u0161irok\u00e9 \u0161k\u00e1ly materi\u00e1l\u016f. Nejb\u011b\u017en\u011bj\u0161\u00edmi materi\u00e1ly jsou p\u0159ekli\u017eky a plasty v \u0161irok\u00e9 \u0161k\u00e1le barev, plasty s &#8222;napa\u0159en\u00fdmi&#8220; povrchy jako je zrcadlo,\u00a0 imitace brou\u0161en\u00fdch plech\u016f (mosaz, hlin\u00edk, bronz). Dok\u00e1\u017eeme zpracov\u00e1vat dal\u0161\u00ed materi\u00e1ly, jak\u00fdmi jsou kartony, guma, k\u016f\u017ee, textiln\u00ed l\u00e1tky a jin\u00e9.<\/p>\n<p>Cena se odv\u00edj\u00ed od ceny pou\u017eit\u00e9ho materi\u00e1lu, doby pr\u00e1ce laseru a pracnosti (nap\u0159. separov\u00e1n\u00ed mal\u00fdch d\u00edlk\u016f apod.)<\/p>\n<p>Ceny se v\u017edy kalkuluj\u00ed podle konkr\u00e9tn\u00edho zad\u00e1n\u00ed<\/p>\n","protected":false},"featured_media":342,"comment_status":"open","ping_status":"closed","template":"","meta":{"site-sidebar-layout":"default","site-content-layout":"","ast-site-content-layout":"default","site-content-style":"default","site-sidebar-style":"default","ast-global-header-display":"","ast-banner-title-visibility":"","ast-main-header-display":"","ast-hfb-above-header-display":"","ast-hfb-below-header-display":"","ast-hfb-mobile-header-display":"","site-post-title":"","ast-breadcrumbs-content":"","ast-featured-img":"","footer-sml-layout":"","ast-disable-related-posts":"","theme-transparent-header-meta":"","adv-header-id-meta":"","stick-header-meta":"","header-above-stick-meta":"","header-main-stick-meta":"","header-below-stick-meta":"","astra-migrate-meta-layouts":"default","ast-page-background-enabled":"default","ast-page-background-meta":{"desktop":{"background-color":"var(--ast-global-color-5)","background-image":"","background-repeat":"repeat","background-position":"center center","background-size":"auto","background-attachment":"scroll","background-type":"","background-media":"","overlay-type":"","overlay-color":"","overlay-opacity":"","overlay-gradient":""},"tablet":{"background-color":"","background-image":"","background-repeat":"repeat","background-position":"center center","background-size":"auto","background-attachment":"scroll","background-type":"","background-media":"","overlay-type":"","overlay-color":"","overlay-opacity":"","overlay-gradient":""},"mobile":{"background-color":"","background-image":"","background-repeat":"repeat","background-position":"center center","background-size":"auto","background-attachment":"scroll","background-type":"","background-media":"","overlay-type":"","overlay-color":"","overlay-opacity":"","overlay-gradient":""}},"ast-content-background-meta":{"desktop":{"background-color":"var(--ast-global-color-4)","background-image":"","background-repeat":"repeat","background-position":"center center","background-size":"auto","background-attachment":"scroll","background-type":"","background-media":"","overlay-type":"","overlay-color":"","overlay-opacity":"","overlay-gradient":""},"tablet":{"background-color":"var(--ast-global-color-4)","background-image":"","background-repeat":"repeat","background-position":"center center","background-size":"auto","background-attachment":"scroll","background-type":"","background-media":"","overlay-type":"","overlay-color":"","overlay-opacity":"","overlay-gradient":""},"mobile":{"background-color":"var(--ast-global-color-4)","background-image":"","background-repeat":"repeat","background-position":"center center","background-size":"auto","background-attachment":"scroll","background-type":"","background-media":"","overlay-type":"","overlay-color":"","overlay-opacity":"","overlay-gradient":""}}},"product_brand":[],"product_cat":[18],"product_tag":[],"class_list":{"0":"post-296","1":"product","2":"type-product","3":"status-publish","4":"has-post-thumbnail","6":"product_cat-nezarazene","7":"desktop-align-left","8":"tablet-align-left","9":"mobile-align-left","11":"first","12":"instock","13":"shipping-taxable","14":"product-type-simple"},"_links":{"self":[{"href":"https:\/\/test.vodepe.eu\/index.php?rest_route=\/wp\/v2\/product\/296","targetHints":{"allow":["GET"]}}],"collection":[{"href":"https:\/\/test.vodepe.eu\/index.php?rest_route=\/wp\/v2\/product"}],"about":[{"href":"https:\/\/test.vodepe.eu\/index.php?rest_route=\/wp\/v2\/types\/product"}],"replies":[{"embeddable":true,"href":"https:\/\/test.vodepe.eu\/index.php?rest_route=%2Fwp%2Fv2%2Fcomments&post=296"}],"wp:featuredmedia":[{"embeddable":true,"href":"https:\/\/test.vodepe.eu\/index.php?rest_route=\/wp\/v2\/media\/342"}],"wp:attachment":[{"href":"https:\/\/test.vodepe.eu\/index.php?rest_route=%2Fwp%2Fv2%2Fmedia&parent=296"}],"wp:term":[{"taxonomy":"product_brand","embeddable":true,"href":"https:\/\/test.vodepe.eu\/index.php?rest_route=%2Fwp%2Fv2%2Fproduct_brand&post=296"},{"taxonomy":"product_cat","embeddable":true,"href":"https:\/\/test.vodepe.eu\/index.php?rest_route=%2Fwp%2Fv2%2Fproduct_cat&post=296"},{"taxonomy":"product_tag","embeddable":true,"href":"https:\/\/test.vodepe.eu\/index.php?rest_route=%2Fwp%2Fv2%2Fproduct_tag&post=296"}],"curies":[{"name":"wp","href":"https:\/\/api.w.org\/{rel}","templated":true}]}}