{"id":294,"date":"2026-02-08T05:05:15","date_gmt":"2026-02-08T04:05:15","guid":{"rendered":"https:\/\/graveo.cz\/?post_type=product&#038;p=294"},"modified":"2026-02-08T09:32:14","modified_gmt":"2026-02-08T08:32:14","slug":"trofej-erb-s-gravirovanym-pokovenym-plastem","status":"publish","type":"product","link":"https:\/\/test.vodepe.eu\/?product=trofej-erb-s-gravirovanym-pokovenym-plastem","title":{"rendered":"Trofej \u2013 erb s grav\u00edrovan\u00fdm pokoven\u00fdm plastem"},"content":{"rendered":"<p>Masivn\u00ed lipov\u00e1 fr\u00e9zovan\u00e1 deska ve tvaru erbu. Ve st\u0159edu desky je um\u00edst\u011bn pokoven\u00fd plast, na kter\u00fd se aplikuje laserov\u00e9 grav\u00edrov\u00e1n\u00ed. Vrchn\u00ed strana erbu tmav\u011b hn\u011bd\u00e1, pokoven\u00fd plast ve variant\u011b bronz \u2013 st\u0159\u00edbro \u2013 zlato. Takt\u00e9\u017e proveden\u00ed na \u010dern\u00fd nebo b\u00edl\u00fd akryl.<\/p>\n","protected":false},"excerpt":{"rendered":"<p>Masivn\u00ed lipov\u00e1 fr\u00e9zovan\u00e1 deska ve tvaru erbu. Ve st\u0159edu desky je um\u00edst\u011bn pokoven\u00fd plast, na kter\u00fd se aplikuje laserov\u00e9 grav\u00edrov\u00e1n\u00ed. Vrchn\u00ed strana erbu tmav\u011b hn\u011bd\u00e1, pokoven\u00fd plast ve variant\u011b bronz \u2013 st\u0159\u00edbro \u2013 zlato. Takt\u00e9\u017e proveden\u00ed na \u010dern\u00fd nebo b\u00edl\u00fd akryl.<\/p>\n","protected":false},"featured_media":336,"comment_status":"open","ping_status":"closed","template":"","meta":{"site-sidebar-layout":"default","site-content-layout":"","ast-site-content-layout":"default","site-content-style":"default","site-sidebar-style":"default","ast-global-header-display":"","ast-banner-title-visibility":"","ast-main-header-display":"","ast-hfb-above-header-display":"","ast-hfb-below-header-display":"","ast-hfb-mobile-header-display":"","site-post-title":"","ast-breadcrumbs-content":"","ast-featured-img":"","footer-sml-layout":"","ast-disable-related-posts":"","theme-transparent-header-meta":"","adv-header-id-meta":"","stick-header-meta":"","header-above-stick-meta":"","header-main-stick-meta":"","header-below-stick-meta":"","astra-migrate-meta-layouts":"default","ast-page-background-enabled":"default","ast-page-background-meta":{"desktop":{"background-color":"var(--ast-global-color-5)","background-image":"","background-repeat":"repeat","background-position":"center center","background-size":"auto","background-attachment":"scroll","background-type":"","background-media":"","overlay-type":"","overlay-color":"","overlay-opacity":"","overlay-gradient":""},"tablet":{"background-color":"","background-image":"","background-repeat":"repeat","background-position":"center center","background-size":"auto","background-attachment":"scroll","background-type":"","background-media":"","overlay-type":"","overlay-color":"","overlay-opacity":"","overlay-gradient":""},"mobile":{"background-color":"","background-image":"","background-repeat":"repeat","background-position":"center center","background-size":"auto","background-attachment":"scroll","background-type":"","background-media":"","overlay-type":"","overlay-color":"","overlay-opacity":"","overlay-gradient":""}},"ast-content-background-meta":{"desktop":{"background-color":"var(--ast-global-color-4)","background-image":"","background-repeat":"repeat","background-position":"center center","background-size":"auto","background-attachment":"scroll","background-type":"","background-media":"","overlay-type":"","overlay-color":"","overlay-opacity":"","overlay-gradient":""},"tablet":{"background-color":"var(--ast-global-color-4)","background-image":"","background-repeat":"repeat","background-position":"center center","background-size":"auto","background-attachment":"scroll","background-type":"","background-media":"","overlay-type":"","overlay-color":"","overlay-opacity":"","overlay-gradient":""},"mobile":{"background-color":"var(--ast-global-color-4)","background-image":"","background-repeat":"repeat","background-position":"center center","background-size":"auto","background-attachment":"scroll","background-type":"","background-media":"","overlay-type":"","overlay-color":"","overlay-opacity":"","overlay-gradient":""}}},"product_brand":[],"product_cat":[18,32],"product_tag":[],"class_list":{"0":"post-294","1":"product","2":"type-product","3":"status-publish","4":"has-post-thumbnail","6":"product_cat-nezarazene","7":"product_cat-trofeje","8":"desktop-align-left","9":"tablet-align-left","10":"mobile-align-left","12":"first","13":"instock","14":"shipping-taxable","15":"purchasable","16":"product-type-variable"},"_links":{"self":[{"href":"https:\/\/test.vodepe.eu\/index.php?rest_route=\/wp\/v2\/product\/294","targetHints":{"allow":["GET"]}}],"collection":[{"href":"https:\/\/test.vodepe.eu\/index.php?rest_route=\/wp\/v2\/product"}],"about":[{"href":"https:\/\/test.vodepe.eu\/index.php?rest_route=\/wp\/v2\/types\/product"}],"replies":[{"embeddable":true,"href":"https:\/\/test.vodepe.eu\/index.php?rest_route=%2Fwp%2Fv2%2Fcomments&post=294"}],"wp:featuredmedia":[{"embeddable":true,"href":"https:\/\/test.vodepe.eu\/index.php?rest_route=\/wp\/v2\/media\/336"}],"wp:attachment":[{"href":"https:\/\/test.vodepe.eu\/index.php?rest_route=%2Fwp%2Fv2%2Fmedia&parent=294"}],"wp:term":[{"taxonomy":"product_brand","embeddable":true,"href":"https:\/\/test.vodepe.eu\/index.php?rest_route=%2Fwp%2Fv2%2Fproduct_brand&post=294"},{"taxonomy":"product_cat","embeddable":true,"href":"https:\/\/test.vodepe.eu\/index.php?rest_route=%2Fwp%2Fv2%2Fproduct_cat&post=294"},{"taxonomy":"product_tag","embeddable":true,"href":"https:\/\/test.vodepe.eu\/index.php?rest_route=%2Fwp%2Fv2%2Fproduct_tag&post=294"}],"curies":[{"name":"wp","href":"https:\/\/api.w.org\/{rel}","templated":true}]}}