{"id":286,"date":"2026-02-08T05:05:14","date_gmt":"2026-02-08T04:05:14","guid":{"rendered":"https:\/\/graveo.cz\/?post_type=product&#038;p=286"},"modified":"2026-04-03T15:04:10","modified_gmt":"2026-04-03T13:04:10","slug":"designovy-kapesni-nuz","status":"publish","type":"product","link":"https:\/\/test.vodepe.eu\/?product=designovy-kapesni-nuz","title":{"rendered":"Designov\u00fd kapesn\u00ed n\u016f\u017e"},"content":{"rendered":"<p>N\u00e1mi vyvinut\u00fd designov\u00fd kapesn\u00ed n\u016f\u017e. I ve slo\u017een\u00e9m stavu je pln\u011b vid\u011bt \u010depel no\u017ee, na kterou prov\u00e1d\u00edme grav\u00edrov\u00e1n\u00ed. Je opat\u0159en klipsem pro uchycen\u00ed na opasek. St\u0159enka no\u017ee je vyrobena z u\u0161lechtil\u00e9ho tmav\u00e9ho d\u0159eva<\/p>\n<p>&nbsp;<\/p>\n","protected":false},"excerpt":{"rendered":"<p>N\u00e1mi vyvinut\u00fd designov\u00fd kapesn\u00ed n\u016f\u017e. I ve slo\u017een\u00e9m stavu je pln\u011b vid\u011bt \u010depel no\u017ee, na kterou prov\u00e1d\u00edme grav\u00edrov\u00e1n\u00ed. Je opat\u0159en klipsem pro uchycen\u00ed na opasek. St\u0159enka no\u017ee je vyrobena z u\u0161lechtil\u00e9ho tmav\u00e9ho d\u0159eva<\/p>\n<p>&nbsp;<\/p>\n","protected":false},"featured_media":319,"comment_status":"open","ping_status":"closed","template":"","meta":{"site-sidebar-layout":"default","site-content-layout":"","ast-site-content-layout":"default","site-content-style":"default","site-sidebar-style":"default","ast-global-header-display":"","ast-banner-title-visibility":"","ast-main-header-display":"","ast-hfb-above-header-display":"","ast-hfb-below-header-display":"","ast-hfb-mobile-header-display":"","site-post-title":"","ast-breadcrumbs-content":"","ast-featured-img":"","footer-sml-layout":"","ast-disable-related-posts":"","theme-transparent-header-meta":"","adv-header-id-meta":"","stick-header-meta":"","header-above-stick-meta":"","header-main-stick-meta":"","header-below-stick-meta":"","astra-migrate-meta-layouts":"default","ast-page-background-enabled":"default","ast-page-background-meta":{"desktop":{"background-color":"var(--ast-global-color-5)","background-image":"","background-repeat":"repeat","background-position":"center center","background-size":"auto","background-attachment":"scroll","background-type":"","background-media":"","overlay-type":"","overlay-color":"","overlay-opacity":"","overlay-gradient":""},"tablet":{"background-color":"","background-image":"","background-repeat":"repeat","background-position":"center center","background-size":"auto","background-attachment":"scroll","background-type":"","background-media":"","overlay-type":"","overlay-color":"","overlay-opacity":"","overlay-gradient":""},"mobile":{"background-color":"","background-image":"","background-repeat":"repeat","background-position":"center center","background-size":"auto","background-attachment":"scroll","background-type":"","background-media":"","overlay-type":"","overlay-color":"","overlay-opacity":"","overlay-gradient":""}},"ast-content-background-meta":{"desktop":{"background-color":"var(--ast-global-color-4)","background-image":"","background-repeat":"repeat","background-position":"center center","background-size":"auto","background-attachment":"scroll","background-type":"","background-media":"","overlay-type":"","overlay-color":"","overlay-opacity":"","overlay-gradient":""},"tablet":{"background-color":"var(--ast-global-color-4)","background-image":"","background-repeat":"repeat","background-position":"center center","background-size":"auto","background-attachment":"scroll","background-type":"","background-media":"","overlay-type":"","overlay-color":"","overlay-opacity":"","overlay-gradient":""},"mobile":{"background-color":"var(--ast-global-color-4)","background-image":"","background-repeat":"repeat","background-position":"center center","background-size":"auto","background-attachment":"scroll","background-type":"","background-media":"","overlay-type":"","overlay-color":"","overlay-opacity":"","overlay-gradient":""}}},"product_brand":[],"product_cat":[18,30,56],"product_tag":[],"class_list":{"0":"post-286","1":"product","2":"type-product","3":"status-publish","4":"has-post-thumbnail","6":"product_cat-nezarazene","7":"product_cat-noze-a-prkenka","8":"product_cat-osobni-darky","9":"desktop-align-left","10":"tablet-align-left","11":"mobile-align-left","13":"first","14":"instock","15":"shipping-taxable","16":"purchasable","17":"product-type-simple"},"_links":{"self":[{"href":"https:\/\/test.vodepe.eu\/index.php?rest_route=\/wp\/v2\/product\/286","targetHints":{"allow":["GET"]}}],"collection":[{"href":"https:\/\/test.vodepe.eu\/index.php?rest_route=\/wp\/v2\/product"}],"about":[{"href":"https:\/\/test.vodepe.eu\/index.php?rest_route=\/wp\/v2\/types\/product"}],"replies":[{"embeddable":true,"href":"https:\/\/test.vodepe.eu\/index.php?rest_route=%2Fwp%2Fv2%2Fcomments&post=286"}],"wp:featuredmedia":[{"embeddable":true,"href":"https:\/\/test.vodepe.eu\/index.php?rest_route=\/wp\/v2\/media\/319"}],"wp:attachment":[{"href":"https:\/\/test.vodepe.eu\/index.php?rest_route=%2Fwp%2Fv2%2Fmedia&parent=286"}],"wp:term":[{"taxonomy":"product_brand","embeddable":true,"href":"https:\/\/test.vodepe.eu\/index.php?rest_route=%2Fwp%2Fv2%2Fproduct_brand&post=286"},{"taxonomy":"product_cat","embeddable":true,"href":"https:\/\/test.vodepe.eu\/index.php?rest_route=%2Fwp%2Fv2%2Fproduct_cat&post=286"},{"taxonomy":"product_tag","embeddable":true,"href":"https:\/\/test.vodepe.eu\/index.php?rest_route=%2Fwp%2Fv2%2Fproduct_tag&post=286"}],"curies":[{"name":"wp","href":"https:\/\/api.w.org\/{rel}","templated":true}]}}