{"id":149,"date":"2026-02-04T08:39:07","date_gmt":"2026-02-04T07:39:07","guid":{"rendered":"https:\/\/graveo.cz\/?post_type=product&#038;p=149"},"modified":"2026-02-07T07:46:20","modified_gmt":"2026-02-07T06:46:20","slug":"plaketa-2","status":"publish","type":"product","link":"https:\/\/test.vodepe.eu\/?product=plaketa-2","title":{"rendered":"Plaketa 2"},"content":{"rendered":"<div class=\"woocommerce-product-details__short-description\">\n<p>Plaketa tvo\u0159en\u00e1 masivn\u00ed lipovou deskou, po obvod\u011b fr\u00e9zovan\u00e1, uprost\u0159ed plast s efektem kovu . Grav\u00edrov\u00e1n\u00edm se odstran\u00ed kovov\u00fd n\u00e1nos a text nebo logo m\u00e1 pot\u00e9 barvu podkladn\u00edho plastu tj. \u010dern\u00e1 barva. Velikost 280 x 200 mm<\/p>\n<\/div>\n<form class=\"cart\" action=\"https:\/\/test.vodepe.eu\/produkt\/plaketa-2\/\" enctype=\"multipart\/form-data\" method=\"post\">\n<div id=\"personalization-area\" class=\"custom-personalization-wrapper\"><\/div>\n<\/form>\n","protected":false},"excerpt":{"rendered":"<div class=\"woocommerce-product-details__short-description\">\n<p>Plaketa tvo\u0159en\u00e1 masivn\u00ed lipovou deskou, po obvod\u011b fr\u00e9zovan\u00e1, uprost\u0159ed plast s efektem kovu . Grav\u00edrov\u00e1n\u00edm se odstran\u00ed kovov\u00fd n\u00e1nos a text nebo logo m\u00e1 pot\u00e9 barvu podkladn\u00edho plastu tj. \u010dern\u00e1 barva. Velikost 280 x 200 mm<\/p>\n<\/div>\n<form class=\"cart\" action=\"https:\/\/test.vodepe.eu\/produkt\/plaketa-2\/\" enctype=\"multipart\/form-data\" method=\"post\">\n<div id=\"personalization-area\" class=\"custom-personalization-wrapper\"><\/div>\n<\/form>\n","protected":false},"featured_media":150,"comment_status":"open","ping_status":"closed","template":"","meta":{"site-sidebar-layout":"default","site-content-layout":"","ast-site-content-layout":"default","site-content-style":"default","site-sidebar-style":"default","ast-global-header-display":"","ast-banner-title-visibility":"","ast-main-header-display":"","ast-hfb-above-header-display":"","ast-hfb-below-header-display":"","ast-hfb-mobile-header-display":"","site-post-title":"","ast-breadcrumbs-content":"","ast-featured-img":"","footer-sml-layout":"","ast-disable-related-posts":"","theme-transparent-header-meta":"default","adv-header-id-meta":"","stick-header-meta":"","header-above-stick-meta":"","header-main-stick-meta":"","header-below-stick-meta":"","astra-migrate-meta-layouts":"set","ast-page-background-enabled":"default","ast-page-background-meta":{"desktop":{"background-color":"var(--ast-global-color-5)","background-image":"","background-repeat":"repeat","background-position":"center center","background-size":"auto","background-attachment":"scroll","background-type":"","background-media":"","overlay-type":"","overlay-color":"","overlay-opacity":"","overlay-gradient":""},"tablet":{"background-color":"","background-image":"","background-repeat":"repeat","background-position":"center center","background-size":"auto","background-attachment":"scroll","background-type":"","background-media":"","overlay-type":"","overlay-color":"","overlay-opacity":"","overlay-gradient":""},"mobile":{"background-color":"","background-image":"","background-repeat":"repeat","background-position":"center center","background-size":"auto","background-attachment":"scroll","background-type":"","background-media":"","overlay-type":"","overlay-color":"","overlay-opacity":"","overlay-gradient":""}},"ast-content-background-meta":{"desktop":{"background-color":"var(--ast-global-color-4)","background-image":"","background-repeat":"repeat","background-position":"center center","background-size":"auto","background-attachment":"scroll","background-type":"","background-media":"","overlay-type":"","overlay-color":"","overlay-opacity":"","overlay-gradient":""},"tablet":{"background-color":"var(--ast-global-color-4)","background-image":"","background-repeat":"repeat","background-position":"center center","background-size":"auto","background-attachment":"scroll","background-type":"","background-media":"","overlay-type":"","overlay-color":"","overlay-opacity":"","overlay-gradient":""},"mobile":{"background-color":"var(--ast-global-color-4)","background-image":"","background-repeat":"repeat","background-position":"center center","background-size":"auto","background-attachment":"scroll","background-type":"","background-media":"","overlay-type":"","overlay-color":"","overlay-opacity":"","overlay-gradient":""}}},"product_brand":[],"product_cat":[18],"product_tag":[],"class_list":{"0":"post-149","1":"product","2":"type-product","3":"status-publish","4":"has-post-thumbnail","6":"product_cat-nezarazene","7":"desktop-align-left","8":"tablet-align-left","9":"mobile-align-left","11":"first","12":"instock","13":"shipping-taxable","14":"purchasable","15":"product-type-simple"},"_links":{"self":[{"href":"https:\/\/test.vodepe.eu\/index.php?rest_route=\/wp\/v2\/product\/149","targetHints":{"allow":["GET"]}}],"collection":[{"href":"https:\/\/test.vodepe.eu\/index.php?rest_route=\/wp\/v2\/product"}],"about":[{"href":"https:\/\/test.vodepe.eu\/index.php?rest_route=\/wp\/v2\/types\/product"}],"replies":[{"embeddable":true,"href":"https:\/\/test.vodepe.eu\/index.php?rest_route=%2Fwp%2Fv2%2Fcomments&post=149"}],"wp:featuredmedia":[{"embeddable":true,"href":"https:\/\/test.vodepe.eu\/index.php?rest_route=\/wp\/v2\/media\/150"}],"wp:attachment":[{"href":"https:\/\/test.vodepe.eu\/index.php?rest_route=%2Fwp%2Fv2%2Fmedia&parent=149"}],"wp:term":[{"taxonomy":"product_brand","embeddable":true,"href":"https:\/\/test.vodepe.eu\/index.php?rest_route=%2Fwp%2Fv2%2Fproduct_brand&post=149"},{"taxonomy":"product_cat","embeddable":true,"href":"https:\/\/test.vodepe.eu\/index.php?rest_route=%2Fwp%2Fv2%2Fproduct_cat&post=149"},{"taxonomy":"product_tag","embeddable":true,"href":"https:\/\/test.vodepe.eu\/index.php?rest_route=%2Fwp%2Fv2%2Fproduct_tag&post=149"}],"curies":[{"name":"wp","href":"https:\/\/api.w.org\/{rel}","templated":true}]}}