{"id":144,"date":"2026-02-04T08:09:54","date_gmt":"2026-02-04T07:09:54","guid":{"rendered":"https:\/\/graveo.cz\/?post_type=product&#038;p=144"},"modified":"2026-04-03T15:04:11","modified_gmt":"2026-04-03T13:04:11","slug":"zaviraci-nuz-filetovaci","status":"publish","type":"product","link":"https:\/\/test.vodepe.eu\/?product=zaviraci-nuz-filetovaci","title":{"rendered":"Zav\u00edrac\u00ed n\u016f\u017e (filetovac\u00ed)"},"content":{"rendered":"<p>Zav\u00edrac\u00ed n\u016f\u017e, materi\u00e1l nerez ocel a u\u0161lechtil\u00e9 d\u0159evo. Celkov\u00e1 d\u00e9lka no\u017ee 240 mm, \u010depel 110 mm. Dlouh\u00e1 \u00fazk\u00e1 \u010depel p\u0159edur\u010duje tento n\u016f\u017e krom\u011b jin\u00e9ho k \u00faprav\u00e1m masa, zvl\u00e1\u0161t\u011b u\u017eite\u010dn\u00fd jako vykos\u0165ovac\u00ed a filetovac\u00ed n\u016f\u017e na ryby. Grav\u00edrov\u00e1n\u00ed prov\u00e1d\u00edme na \u010depel no\u017ee.<\/p>\n","protected":false},"excerpt":{"rendered":"<p>Zav\u00edrac\u00ed n\u016f\u017e, materi\u00e1l nerez ocel a u\u0161lechtil\u00e9 d\u0159evo. Celkov\u00e1 d\u00e9lka no\u017ee 240 mm, \u010depel 110 mm. Dlouh\u00e1 \u00fazk\u00e1 \u010depel p\u0159edur\u010duje tento n\u016f\u017e krom\u011b jin\u00e9ho k \u00faprav\u00e1m masa, zvl\u00e1\u0161t\u011b u\u017eite\u010dn\u00fd jako vykos\u0165ovac\u00ed a filetovac\u00ed n\u016f\u017e na ryby. Grav\u00edrov\u00e1n\u00ed prov\u00e1d\u00edme na \u010depel no\u017ee.<\/p>\n","protected":false},"featured_media":145,"comment_status":"open","ping_status":"closed","template":"","meta":{"site-sidebar-layout":"default","site-content-layout":"","ast-site-content-layout":"default","site-content-style":"default","site-sidebar-style":"default","ast-global-header-display":"","ast-banner-title-visibility":"","ast-main-header-display":"","ast-hfb-above-header-display":"","ast-hfb-below-header-display":"","ast-hfb-mobile-header-display":"","site-post-title":"","ast-breadcrumbs-content":"","ast-featured-img":"","footer-sml-layout":"","ast-disable-related-posts":"","theme-transparent-header-meta":"default","adv-header-id-meta":"","stick-header-meta":"","header-above-stick-meta":"","header-main-stick-meta":"","header-below-stick-meta":"","astra-migrate-meta-layouts":"set","ast-page-background-enabled":"default","ast-page-background-meta":{"desktop":{"background-color":"var(--ast-global-color-5)","background-image":"","background-repeat":"repeat","background-position":"center center","background-size":"auto","background-attachment":"scroll","background-type":"","background-media":"","overlay-type":"","overlay-color":"","overlay-opacity":"","overlay-gradient":""},"tablet":{"background-color":"","background-image":"","background-repeat":"repeat","background-position":"center center","background-size":"auto","background-attachment":"scroll","background-type":"","background-media":"","overlay-type":"","overlay-color":"","overlay-opacity":"","overlay-gradient":""},"mobile":{"background-color":"","background-image":"","background-repeat":"repeat","background-position":"center center","background-size":"auto","background-attachment":"scroll","background-type":"","background-media":"","overlay-type":"","overlay-color":"","overlay-opacity":"","overlay-gradient":""}},"ast-content-background-meta":{"desktop":{"background-color":"var(--ast-global-color-4)","background-image":"","background-repeat":"repeat","background-position":"center center","background-size":"auto","background-attachment":"scroll","background-type":"","background-media":"","overlay-type":"","overlay-color":"","overlay-opacity":"","overlay-gradient":""},"tablet":{"background-color":"var(--ast-global-color-4)","background-image":"","background-repeat":"repeat","background-position":"center center","background-size":"auto","background-attachment":"scroll","background-type":"","background-media":"","overlay-type":"","overlay-color":"","overlay-opacity":"","overlay-gradient":""},"mobile":{"background-color":"var(--ast-global-color-4)","background-image":"","background-repeat":"repeat","background-position":"center center","background-size":"auto","background-attachment":"scroll","background-type":"","background-media":"","overlay-type":"","overlay-color":"","overlay-opacity":"","overlay-gradient":""}}},"product_brand":[],"product_cat":[18,30,56],"product_tag":[],"class_list":{"0":"post-144","1":"product","2":"type-product","3":"status-publish","4":"has-post-thumbnail","6":"product_cat-nezarazene","7":"product_cat-noze-a-prkenka","8":"product_cat-osobni-darky","9":"desktop-align-left","10":"tablet-align-left","11":"mobile-align-left","13":"first","14":"instock","15":"shipping-taxable","16":"purchasable","17":"product-type-simple"},"_links":{"self":[{"href":"https:\/\/test.vodepe.eu\/index.php?rest_route=\/wp\/v2\/product\/144","targetHints":{"allow":["GET"]}}],"collection":[{"href":"https:\/\/test.vodepe.eu\/index.php?rest_route=\/wp\/v2\/product"}],"about":[{"href":"https:\/\/test.vodepe.eu\/index.php?rest_route=\/wp\/v2\/types\/product"}],"replies":[{"embeddable":true,"href":"https:\/\/test.vodepe.eu\/index.php?rest_route=%2Fwp%2Fv2%2Fcomments&post=144"}],"wp:featuredmedia":[{"embeddable":true,"href":"https:\/\/test.vodepe.eu\/index.php?rest_route=\/wp\/v2\/media\/145"}],"wp:attachment":[{"href":"https:\/\/test.vodepe.eu\/index.php?rest_route=%2Fwp%2Fv2%2Fmedia&parent=144"}],"wp:term":[{"taxonomy":"product_brand","embeddable":true,"href":"https:\/\/test.vodepe.eu\/index.php?rest_route=%2Fwp%2Fv2%2Fproduct_brand&post=144"},{"taxonomy":"product_cat","embeddable":true,"href":"https:\/\/test.vodepe.eu\/index.php?rest_route=%2Fwp%2Fv2%2Fproduct_cat&post=144"},{"taxonomy":"product_tag","embeddable":true,"href":"https:\/\/test.vodepe.eu\/index.php?rest_route=%2Fwp%2Fv2%2Fproduct_tag&post=144"}],"curies":[{"name":"wp","href":"https:\/\/api.w.org\/{rel}","templated":true}]}}